{"id":23,"date":"2016-07-05T21:00:54","date_gmt":"2016-07-05T19:00:54","guid":{"rendered":"http:\/\/www.ensemble-romantica.net\/?page_id=23"},"modified":"2025-06-20T20:06:09","modified_gmt":"2025-06-20T18:06:09","slug":"nous-rejoindre","status":"publish","type":"page","link":"https:\/\/www.ensemble-romantica.net\/?page_id=23","title":{"rendered":"Nous rejoindre"},"content":{"rendered":"<p>Cette ann\u00e9e, le temps des r\u00e9p\u00e9titions est organis\u00e9 un peu diff\u00e9remment :<\/p>\n<p><span style=\"text-decoration: underline;\"><strong><span style=\"color: #ff0000; text-decoration: underline;\">Lieux de r\u00e9p\u00e9tition<\/span><\/strong><\/span> : Conservatoire ( CRI) de Torcy\u00a0 (place de l&rsquo;\u00e9glise) ou Ferme du couvent,\u00a0 <em>22 rue du Couvent <\/em>Torcy, selon l&rsquo;agenda.<\/p>\n<p><span style=\"text-decoration: underline;\"><strong><span style=\"color: #ff0000; text-decoration: underline;\">Jours<\/span><\/strong><\/span> <strong>: <\/strong>le lundi de 20h00 \u00e0 22h00\u00a0 (2025-2026) : tout le ch\u0153ur , au Conservatoire<\/p>\n<p>un dimanche par mois \u00e0 la Ferme du Couvent : tout le ch\u0153ur<\/p>\n<p>A cela peut s&rsquo;ajouter un week-end de stage, pour travailler le prochain concert, renforcer la coh\u00e9sion du groupe, apprendre, reprendre, se perfectionner sur l&rsquo;expression musicale et se faire plaisir<\/p>\n<p><strong><span style=\"text-decoration: underline;\"><span style=\"color: #ff0000; text-decoration: underline;\">Modalit\u00e9s d&rsquo;adh\u00e9sion<\/span><\/span><\/strong> :<\/p>\n<p>Il n&rsquo;est pas n\u00e9cessaire de lire la musique couramment<\/p>\n<p>Vous pouvez assister \u00e0 une r\u00e9p\u00e9tition du lundi pour nous d\u00e9couvrir et poser vos questions<\/p>\n<p>La cotisation s&rsquo;\u00e9l\u00e8ve \u00e0 140\u20ac en septembre 2025-2026 .<\/p>\n","protected":false},"excerpt":{"rendered":"<p>Cette ann\u00e9e, le temps des r\u00e9p\u00e9titions est organis\u00e9 un peu diff\u00e9remment : Lieux de r\u00e9p\u00e9tition : Conservatoire ( CRI) de Torcy\u00a0 (place de l&rsquo;\u00e9glise) ou Ferme du couvent,\u00a0 22 rue du Couvent Torcy, selon l&rsquo;agenda. Jours : le lundi de&hellip; <br \/><a class=\"read-more-button\" href=\"https:\/\/www.ensemble-romantica.net\/?page_id=23\">Savoir plus<\/a><\/p>\n","protected":false},"author":1,"featured_media":0,"parent":0,"menu_order":0,"comment_status":"closed","ping_status":"closed","template":"","meta":{"footnotes":""},"class_list":["post-23","page","type-page","status-publish","hentry"],"_links":{"self":[{"href":"https:\/\/www.ensemble-romantica.net\/index.php?rest_route=\/wp\/v2\/pages\/23","targetHints":{"allow":["GET"]}}],"collection":[{"href":"https:\/\/www.ensemble-romantica.net\/index.php?rest_route=\/wp\/v2\/pages"}],"about":[{"href":"https:\/\/www.ensemble-romantica.net\/index.php?rest_route=\/wp\/v2\/types\/page"}],"author":[{"embeddable":true,"href":"https:\/\/www.ensemble-romantica.net\/index.php?rest_route=\/wp\/v2\/users\/1"}],"replies":[{"embeddable":true,"href":"https:\/\/www.ensemble-romantica.net\/index.php?rest_route=%2Fwp%2Fv2%2Fcomments&post=23"}],"version-history":[{"count":10,"href":"https:\/\/www.ensemble-romantica.net\/index.php?rest_route=\/wp\/v2\/pages\/23\/revisions"}],"predecessor-version":[{"id":3668,"href":"https:\/\/www.ensemble-romantica.net\/index.php?rest_route=\/wp\/v2\/pages\/23\/revisions\/3668"}],"wp:attachment":[{"href":"https:\/\/www.ensemble-romantica.net\/index.php?rest_route=%2Fwp%2Fv2%2Fmedia&parent=23"}],"curies":[{"name":"wp","href":"https:\/\/api.w.org\/{rel}","templated":true}]}}