{"id":3492,"date":"2024-08-15T09:36:27","date_gmt":"2024-08-15T07:36:27","guid":{"rendered":"https:\/\/www.ensemble-romantica.net\/?page_id=3492"},"modified":"2025-07-08T18:36:27","modified_gmt":"2025-07-08T16:36:27","slug":"adhesion","status":"publish","type":"page","link":"https:\/\/www.ensemble-romantica.net\/?page_id=3492","title":{"rendered":"Adh\u00e9sion"},"content":{"rendered":"\n<p>Cette page vous permet de payer votre cotisation pour l&rsquo;adh\u00e9sion \u00e0 notre association pour l&rsquo;ann\u00e9e scolaire 2025-2026. La cotisation est fix\u00e9e \u00e0 140 \u20ac.<\/p>\n<p>Vous pouvez choisir un paiement en une fois ou en 3 fois.<br \/><br \/>Afin d&rsquo;ajuster le paiement en 3 fois \u00e0 140\u20ac, vous devez utiliser le CODE PROMO \u00ab 3FOIS \u00bb .<\/p>\n<p>Votre participation \u00e0 Helloasso n&rsquo;est pas obligatoire, \u00e0 vous de modifier le montant (0 si vous voulez) mais sachez que cette soci\u00e9t\u00e9, qui nous facilite notamment la billetterie de nos concerts, ne vit que gr\u00e2ce aux dons laiss\u00e9s.<\/p>\n<p>\u00a0<\/p>\n<p>\u00a0<iframe id=\"haWidget\" style=\"width: 100%; height: 70px; border: none;\" src=\"https:\/\/www.helloasso.com\/associations\/torcy-association-musicale\/adhesions\/adhesion-2025-2026\/widget-bouton\"> { const dataHeight = e.data.height; const haWidgetElement = document.getElementById(&lsquo;haWidget&rsquo;); haWidgetElement.height = dataHeight + &lsquo;px&rsquo;; } )\u00a0\u00bb &gt;<\/iframe><\/p>\n","protected":false},"excerpt":{"rendered":"<p>Cette page vous permet de payer votre cotisation pour l&rsquo;adh\u00e9sion \u00e0 notre association pour l&rsquo;ann\u00e9e scolaire 2025-2026. La cotisation est fix\u00e9e \u00e0 140 \u20ac. Vous pouvez choisir un paiement en une fois ou en 3 fois. Afin d&rsquo;ajuster le paiement&hellip; <br \/><a class=\"read-more-button\" href=\"https:\/\/www.ensemble-romantica.net\/?page_id=3492\">Savoir plus<\/a><\/p>\n","protected":false},"author":1,"featured_media":0,"parent":0,"menu_order":0,"comment_status":"closed","ping_status":"closed","template":"","meta":{"footnotes":""},"class_list":["post-3492","page","type-page","status-publish","hentry"],"_links":{"self":[{"href":"https:\/\/www.ensemble-romantica.net\/index.php?rest_route=\/wp\/v2\/pages\/3492","targetHints":{"allow":["GET"]}}],"collection":[{"href":"https:\/\/www.ensemble-romantica.net\/index.php?rest_route=\/wp\/v2\/pages"}],"about":[{"href":"https:\/\/www.ensemble-romantica.net\/index.php?rest_route=\/wp\/v2\/types\/page"}],"author":[{"embeddable":true,"href":"https:\/\/www.ensemble-romantica.net\/index.php?rest_route=\/wp\/v2\/users\/1"}],"replies":[{"embeddable":true,"href":"https:\/\/www.ensemble-romantica.net\/index.php?rest_route=%2Fwp%2Fv2%2Fcomments&post=3492"}],"version-history":[{"count":11,"href":"https:\/\/www.ensemble-romantica.net\/index.php?rest_route=\/wp\/v2\/pages\/3492\/revisions"}],"predecessor-version":[{"id":3681,"href":"https:\/\/www.ensemble-romantica.net\/index.php?rest_route=\/wp\/v2\/pages\/3492\/revisions\/3681"}],"wp:attachment":[{"href":"https:\/\/www.ensemble-romantica.net\/index.php?rest_route=%2Fwp%2Fv2%2Fmedia&parent=3492"}],"curies":[{"name":"wp","href":"https:\/\/api.w.org\/{rel}","templated":true}]}}