{"id":43,"date":"2016-07-06T09:31:19","date_gmt":"2016-07-06T07:31:19","guid":{"rendered":"http:\/\/www.ensemble-romantica.net\/?page_id=43"},"modified":"2016-11-13T23:55:19","modified_gmt":"2016-11-13T22:55:19","slug":"enregistrement-sur-le-site","status":"publish","type":"page","link":"https:\/\/www.ensemble-romantica.net\/?page_id=43","title":{"rendered":"Enregistrement sur le site"},"content":{"rendered":"<p><strong>Vous allez vous enregistrer. Votre enregistrement sera valid\u00e9 si vous \u00eates \u00e0 jour de vos cotisations.<\/strong><\/p>\n<p><strong>Si vous \u00eates nouveau et que vous souhaitez vous joindre \u00e0 nous, venez nous rencontrer avant de vous enregistrer.<\/strong><\/p>\n<p><strong>Votre <span style=\"color: #ff0000;\">Nom d&rsquo;utilisateur<\/span> vous servira d&rsquo;<span style=\"color: #ff0000;\">Identifiant<\/span> \u00e0 votre prochaine connexion.<\/strong><\/p>\n<div id=\"wpmem_reg\"><a id=\"register\"><\/a><form name=\"form\" method=\"post\" action=\"https:\/\/www.ensemble-romantica.net\/?page_id=43\" id=\"wpmem_register_form\" class=\"form\"><input type=\"hidden\" id=\"_wpmem_register_nonce\" name=\"_wpmem_register_nonce\" value=\"6a757c2a51\" \/><input type=\"hidden\" name=\"_wp_http_referer\" value=\"\/index.php?rest_route=%2Fwp%2Fv2%2Fpages%2F43\" \/><fieldset><legend>Nouvel utilisateur\u00a0?<\/legend><label for=\"username\" class=\"text\">Choisissez un Nom d\u2019utilisateur<span class=\"req\">*<\/span><\/label><div class=\"div_text\"><input name=\"username\" type=\"text\" id=\"username\" value=\"\" class=\"textbox\" required  \/><\/div><label for=\"first_name\" class=\"text\">Pr\u00e9nom<span class=\"req\">*<\/span><\/label><div class=\"div_text\"><input name=\"first_name\" type=\"text\" id=\"first_name\" value=\"\" class=\"textbox\" required  \/><\/div><label for=\"last_name\" class=\"text\">Nom<span class=\"req\">*<\/span><\/label><div class=\"div_text\"><input name=\"last_name\" type=\"text\" id=\"last_name\" value=\"\" class=\"textbox\" required  \/><\/div><label for=\"user_email\" class=\"text\">Courriel<span class=\"req\">*<\/span><\/label><div class=\"div_text\"><input name=\"user_email\" type=\"email\" id=\"user_email\" value=\"\" class=\"textbox\" required  \/><\/div><label for=\"confirm_email\" class=\"text\">Confirmer le courriel<span class=\"req\">*<\/span><\/label><div class=\"div_text\"><input name=\"confirm_email\" type=\"email\" id=\"confirm_email\" value=\"\" class=\"textbox\" required  \/><\/div><label for=\"password\" class=\"text\">Mot de passe<span class=\"req\">*<\/span><\/label><div class=\"div_text\"><input name=\"password\" type=\"password\" id=\"password\" class=\"textbox\" required  \/><\/div><label for=\"confirm_password\" class=\"text\">Confirmer le mot de passe<span class=\"req\">*<\/span><\/label><div class=\"div_text\"><input name=\"confirm_password\" type=\"password\" id=\"confirm_password\" class=\"textbox\" required  \/><\/div><label for=\"pupitre\" class=\"text\">Pupitre<span class=\"req\">*<\/span><\/label><div class=\"div_text\"><input name=\"pupitre\" type=\"text\" id=\"pupitre\" value=\"\" class=\"textbox\" required  \/><\/div><label class=\"text\" for=\"captcha\">Entrez le code\u00a0:<\/label><div class=\"div_text\"><img loading=\"lazy\" decoding=\"async\" src=\"https:\/\/www.ensemble-romantica.net\/wp-content\/plugins\/really-simple-captcha\/tmp\/426278866.png\" alt=\"captcha\" width=\"72\" height=\"30\" \/><input id=\"captcha_prefix\" name=\"captcha_prefix\" type=\"hidden\" value=\"426278866\" \/><input id=\"captcha_code\" name=\"captcha_code\" size=\"4\" type=\"text\" class=\"textbox\" required \/><\/div><input name=\"a\" type=\"hidden\" value=\"register\" \/><input name=\"wpmem_reg_page\" type=\"hidden\" value=\"https:\/\/www.ensemble-romantica.net\/?page_id=43\" \/><div class=\"button_div\"><input name=\"submit\" type=\"submit\" value=\"S\u2019inscrire\" class=\"buttons\" \/><\/div><div class=\"req-text\"><span class=\"req\">*<\/span>Champ requis<\/div><\/fieldset><\/form><\/div>\n","protected":false},"excerpt":{"rendered":"<p>Vous allez vous enregistrer. Votre enregistrement sera valid\u00e9 si vous \u00eates \u00e0 jour de vos cotisations. Si vous \u00eates nouveau et que vous souhaitez vous joindre \u00e0 nous, venez nous rencontrer avant de vous enregistrer. Votre Nom d&rsquo;utilisateur vous servira&hellip; <br \/><a class=\"read-more-button\" href=\"https:\/\/www.ensemble-romantica.net\/?page_id=43\">Savoir plus<\/a><\/p>\n","protected":false},"author":1,"featured_media":0,"parent":13,"menu_order":0,"comment_status":"closed","ping_status":"closed","template":"","meta":{"footnotes":""},"class_list":["post-43","page","type-page","status-publish","hentry"],"_links":{"self":[{"href":"https:\/\/www.ensemble-romantica.net\/index.php?rest_route=\/wp\/v2\/pages\/43","targetHints":{"allow":["GET"]}}],"collection":[{"href":"https:\/\/www.ensemble-romantica.net\/index.php?rest_route=\/wp\/v2\/pages"}],"about":[{"href":"https:\/\/www.ensemble-romantica.net\/index.php?rest_route=\/wp\/v2\/types\/page"}],"author":[{"embeddable":true,"href":"https:\/\/www.ensemble-romantica.net\/index.php?rest_route=\/wp\/v2\/users\/1"}],"replies":[{"embeddable":true,"href":"https:\/\/www.ensemble-romantica.net\/index.php?rest_route=%2Fwp%2Fv2%2Fcomments&post=43"}],"version-history":[{"count":5,"href":"https:\/\/www.ensemble-romantica.net\/index.php?rest_route=\/wp\/v2\/pages\/43\/revisions"}],"predecessor-version":[{"id":125,"href":"https:\/\/www.ensemble-romantica.net\/index.php?rest_route=\/wp\/v2\/pages\/43\/revisions\/125"}],"up":[{"embeddable":true,"href":"https:\/\/www.ensemble-romantica.net\/index.php?rest_route=\/wp\/v2\/pages\/13"}],"wp:attachment":[{"href":"https:\/\/www.ensemble-romantica.net\/index.php?rest_route=%2Fwp%2Fv2%2Fmedia&parent=43"}],"curies":[{"name":"wp","href":"https:\/\/api.w.org\/{rel}","templated":true}]}}